

{"id":684,"date":"2020-06-12T06:56:47","date_gmt":"2020-06-12T06:56:47","guid":{"rendered":"http:\/\/equiposidi.es\/?page_id=684"},"modified":"2021-01-12T10:33:32","modified_gmt":"2021-01-12T10:33:32","slug":"cursos","status":"publish","type":"page","link":"https:\/\/equiposidi.es\/index.php\/cursos\/","title":{"rendered":"Cursos"},"content":{"rendered":"\n<h2 class=\"wp-block-heading\">En Equipo Sidi desarrollamos e impartimos cursos para profesionales y familias.<\/h2>\n\n\n\n<p><strong><span style=\"color:#143ea8\" class=\"has-inline-color\">Pr\u00f3ximas formaciones:<\/span><\/strong><\/p>\n\n\n\n<div class=\"wp-block-image\"><figure class=\"aligncenter\"><img fetchpriority=\"high\" decoding=\"async\" width=\"600\" height=\"369\" src=\"http:\/\/equiposidi.es\/wp-content\/uploads\/2020\/06\/Cartel-Curso-Piccolo-XS.jpg\" alt=\"\" class=\"wp-image-689\" srcset=\"https:\/\/equiposidi.es\/wp-content\/uploads\/2020\/06\/Cartel-Curso-Piccolo-XS.jpg 600w, https:\/\/equiposidi.es\/wp-content\/uploads\/2020\/06\/Cartel-Curso-Piccolo-XS-300x185.jpg 300w\" sizes=\"(max-width: 600px) 100vw, 600px\" \/><\/figure><\/div>\n\n\n\n<p><strong>Fecha<\/strong>: Primer periodo: 12, 14 y 19 de enero | Segundo periodo: 11 y 18 de marzo | <strong>Horario<\/strong>: 8.30-11.30h.<br><strong>Imparten:<\/strong> Rosa Vilaseca y Magda Rivero (Universitat de Barcelona)<br><strong>Objetivos:<\/strong> Presentar la versi\u00f3n espa\u00f1ola del instrumento PICCOLO y c\u00f3mo usar el instrumento en intervenci\u00f3n con familias<br><strong>Destinatarios: <\/strong>Profesionales de Atenci\u00f3n Temprana de cualquier disciplina u otros servicios de atenci\u00f3n a la infancia que trabajen con familias con hijos e hijas peque\u00f1os. <\/p>\n\n\n\n<p><\/p>\n\n\n\n<p>El plazo de matriculaci\u00f3n ha finalizado.<\/p>\n","protected":false},"excerpt":{"rendered":"<p>En Equipo Sidi desarrollamos e impartimos cursos para profesionales y familias. Pr\u00f3ximas formaciones: Fecha: Primer periodo: 12, 14 y 19 [&hellip;]<\/p>\n","protected":false},"author":1,"featured_media":0,"parent":0,"menu_order":0,"comment_status":"closed","ping_status":"closed","template":"","meta":{"_uag_custom_page_level_css":"","site-sidebar-layout":"default","site-content-layout":"","ast-site-content-layout":"default","site-content-style":"default","site-sidebar-style":"default","ast-global-header-display":"","ast-banner-title-visibility":"","ast-main-header-display":"","ast-hfb-above-header-display":"","ast-hfb-below-header-display":"","ast-hfb-mobile-header-display":"","site-post-title":"","ast-breadcrumbs-content":"","ast-featured-img":"","footer-sml-layout":"","ast-disable-related-posts":"","theme-transparent-header-meta":"","adv-header-id-meta":"","stick-header-meta":"","header-above-stick-meta":"","header-main-stick-meta":"","header-below-stick-meta":"","astra-migrate-meta-layouts":"default","ast-page-background-enabled":"default","ast-page-background-meta":{"desktop":{"background-color":"var(--ast-global-color-5)","background-image":"","background-repeat":"repeat","background-position":"center center","background-size":"auto","background-attachment":"scroll","background-type":"","background-media":"","overlay-type":"","overlay-color":"","overlay-opacity":"","overlay-gradient":""},"tablet":{"background-color":"","background-image":"","background-repeat":"repeat","background-position":"center center","background-size":"auto","background-attachment":"scroll","background-type":"","background-media":"","overlay-type":"","overlay-color":"","overlay-opacity":"","overlay-gradient":""},"mobile":{"background-color":"","background-image":"","background-repeat":"repeat","background-position":"center center","background-size":"auto","background-attachment":"scroll","background-type":"","background-media":"","overlay-type":"","overlay-color":"","overlay-opacity":"","overlay-gradient":""}},"ast-content-background-meta":{"desktop":{"background-color":"var(--ast-global-color-4)","background-image":"","background-repeat":"repeat","background-position":"center center","background-size":"auto","background-attachment":"scroll","background-type":"","background-media":"","overlay-type":"","overlay-color":"","overlay-opacity":"","overlay-gradient":""},"tablet":{"background-color":"var(--ast-global-color-4)","background-image":"","background-repeat":"repeat","background-position":"center center","background-size":"auto","background-attachment":"scroll","background-type":"","background-media":"","overlay-type":"","overlay-color":"","overlay-opacity":"","overlay-gradient":""},"mobile":{"background-color":"var(--ast-global-color-4)","background-image":"","background-repeat":"repeat","background-position":"center center","background-size":"auto","background-attachment":"scroll","background-type":"","background-media":"","overlay-type":"","overlay-color":"","overlay-opacity":"","overlay-gradient":""}},"footnotes":""},"class_list":["post-684","page","type-page","status-publish","hentry"],"uagb_featured_image_src":{"full":false,"thumbnail":false,"medium":false,"medium_large":false,"large":false,"1536x1536":false,"2048x2048":false},"uagb_author_info":{"display_name":"administrator","author_link":"https:\/\/equiposidi.es\/author\/administrator\/"},"uagb_comment_info":0,"uagb_excerpt":"En Equipo Sidi desarrollamos e impartimos cursos para profesionales y familias. Pr\u00f3ximas formaciones: Fecha: Primer periodo: 12, 14 y 19 [&hellip;]","_links":{"self":[{"href":"https:\/\/equiposidi.es\/index.php\/wp-json\/wp\/v2\/pages\/684","targetHints":{"allow":["GET"]}}],"collection":[{"href":"https:\/\/equiposidi.es\/index.php\/wp-json\/wp\/v2\/pages"}],"about":[{"href":"https:\/\/equiposidi.es\/index.php\/wp-json\/wp\/v2\/types\/page"}],"author":[{"embeddable":true,"href":"https:\/\/equiposidi.es\/index.php\/wp-json\/wp\/v2\/users\/1"}],"replies":[{"embeddable":true,"href":"https:\/\/equiposidi.es\/index.php\/wp-json\/wp\/v2\/comments?post=684"}],"version-history":[{"count":15,"href":"https:\/\/equiposidi.es\/index.php\/wp-json\/wp\/v2\/pages\/684\/revisions"}],"predecessor-version":[{"id":768,"href":"https:\/\/equiposidi.es\/index.php\/wp-json\/wp\/v2\/pages\/684\/revisions\/768"}],"wp:attachment":[{"href":"https:\/\/equiposidi.es\/index.php\/wp-json\/wp\/v2\/media?parent=684"}],"curies":[{"name":"wp","href":"https:\/\/api.w.org\/{rel}","templated":true}]}}